{"id":2220,"date":"2021-10-12T15:54:35","date_gmt":"2021-10-12T13:54:35","guid":{"rendered":"https:\/\/www.ipproductions.lu\/?page_id=2220"},"modified":"2023-02-10T11:10:38","modified_gmt":"2023-02-10T10:10:38","slug":"team","status":"publish","type":"page","link":"https:\/\/www.ipproductions.lu\/lb\/team\/","title":{"rendered":"TEAM"},"content":{"rendered":"\t\t<div data-elementor-type=\"wp-page\" data-elementor-id=\"2220\" class=\"elementor elementor-2220 elementor-24\" data-elementor-post-type=\"page\">\n\t\t\t\t\t\t<section class=\"elementor-section elementor-top-section elementor-element elementor-element-abb3fee elementor-section-height-min-height elementor-section-boxed elementor-section-height-default elementor-section-items-middle\" data-id=\"abb3fee\" data-element_type=\"section\" data-e-type=\"section\" data-settings=\"{&quot;background_background&quot;:&quot;classic&quot;,&quot;background_motion_fx_motion_fx_scrolling&quot;:&quot;yes&quot;,&quot;background_motion_fx_translateY_effect&quot;:&quot;yes&quot;,&quot;background_motion_fx_translateY_affectedRange&quot;:{&quot;unit&quot;:&quot;%&quot;,&quot;size&quot;:&quot;&quot;,&quot;sizes&quot;:{&quot;start&quot;:3,&quot;end&quot;:96}},&quot;background_motion_fx_translateY_speed&quot;:{&quot;unit&quot;:&quot;px&quot;,&quot;size&quot;:4,&quot;sizes&quot;:[]},&quot;background_motion_fx_devices&quot;:[&quot;desktop&quot;,&quot;tablet&quot;,&quot;mobile&quot;]}\">\n\t\t\t\t\t\t<div class=\"elementor-container elementor-column-gap-default\">\n\t\t\t\t\t<div class=\"elementor-column elementor-col-100 elementor-top-column elementor-element elementor-element-ceca7a0\" data-id=\"ceca7a0\" data-element_type=\"column\" data-e-type=\"column\">\n\t\t\t<div class=\"elementor-widget-wrap elementor-element-populated\">\n\t\t\t\t\t\t<section class=\"elementor-section elementor-inner-section elementor-element elementor-element-1f123ef elementor-section-boxed elementor-section-height-default elementor-section-height-default\" data-id=\"1f123ef\" data-element_type=\"section\" data-e-type=\"section\">\n\t\t\t\t\t\t<div class=\"elementor-container elementor-column-gap-default\">\n\t\t\t\t\t<div class=\"elementor-column elementor-col-50 elementor-inner-column elementor-element elementor-element-3a82f43\" data-id=\"3a82f43\" data-element_type=\"column\" data-e-type=\"column\">\n\t\t\t<div class=\"elementor-widget-wrap elementor-element-populated\">\n\t\t\t\t\t\t<div class=\"elementor-element elementor-element-c89028e elementor-widget elementor-widget-heading\" data-id=\"c89028e\" data-element_type=\"widget\" data-e-type=\"widget\" data-widget_type=\"heading.default\">\n\t\t\t\t<div class=\"elementor-widget-container\">\n\t\t\t\t\t<h1 class=\"elementor-heading-title elementor-size-default\">TEAM<\/h1>\t\t\t\t<\/div>\n\t\t\t\t<\/div>\n\t\t\t\t<div class=\"elementor-element elementor-element-3b9b5d9 elementor-widget elementor-widget-text-editor\" data-id=\"3b9b5d9\" data-element_type=\"widget\" data-e-type=\"widget\" data-widget_type=\"text-editor.default\">\n\t\t\t\t<div class=\"elementor-widget-container\">\n\t\t\t\t\t\t\t\t\t<p>\u00c4re Projet mat IP Productions ze realis\u00e9ieren, heescht mat enger jonker, dynamescher an erfuerener Equipe ze schaffen. Dor\u00ebnner m\u00e9isproocheg Concepteuren, Tountechniker, Videasten, Grafiker a Webdeveloperen. Well jo, bei eis steet dat M\u00ebnschlecht nach am Vierdergrond.<\/p>\n\t\t\t\t\t\t\t\t<\/div>\n\t\t\t\t<\/div>\n\t\t\t\t\t<\/div>\n\t\t<\/div>\n\t\t\t\t<div class=\"elementor-column elementor-col-50 elementor-inner-column elementor-element elementor-element-273b839\" data-id=\"273b839\" data-element_type=\"column\" data-e-type=\"column\">\n\t\t\t<div class=\"elementor-widget-wrap\">\n\t\t\t\t\t\t\t<\/div>\n\t\t<\/div>\n\t\t\t\t\t<\/div>\n\t\t<\/section>\n\t\t\t\t<div class=\"elementor-element elementor-element-a26c627 elementor-widget elementor-widget-spacer\" data-id=\"a26c627\" data-element_type=\"widget\" data-e-type=\"widget\" data-widget_type=\"spacer.default\">\n\t\t\t\t<div class=\"elementor-widget-container\">\n\t\t\t\t\t\t\t<div class=\"elementor-spacer\">\n\t\t\t<div class=\"elementor-spacer-inner\"><\/div>\n\t\t<\/div>\n\t\t\t\t\t\t<\/div>\n\t\t\t\t<\/div>\n\t\t\t\t\t<\/div>\n\t\t<\/div>\n\t\t\t\t\t<\/div>\n\t\t<\/section>\n\t\t\t\t<section class=\"elementor-section elementor-top-section elementor-element elementor-element-6b891e7 elementor-section-full_width elementor-section-height-default elementor-section-height-default\" data-id=\"6b891e7\" data-element_type=\"section\" data-e-type=\"section\" data-settings=\"{&quot;background_background&quot;:&quot;classic&quot;}\">\n\t\t\t\t\t\t<div class=\"elementor-container elementor-column-gap-default\">\n\t\t\t\t\t<div class=\"elementor-column elementor-col-100 elementor-top-column elementor-element elementor-element-ea43c50\" data-id=\"ea43c50\" data-element_type=\"column\" data-e-type=\"column\">\n\t\t\t<div class=\"elementor-widget-wrap elementor-element-populated\">\n\t\t\t\t\t\t<div class=\"elementor-element elementor-element-6da3f1c elementor-widget elementor-widget-shortcode\" data-id=\"6da3f1c\" data-element_type=\"widget\" data-e-type=\"widget\" data-widget_type=\"shortcode.default\">\n\t\t\t\t<div class=\"elementor-widget-container\">\n\t\t\t\t\t\t\t<div class=\"elementor-shortcode\">\t\t<div id=\"items\">\r\n\t\t\t\t<div class=\"item\">\r\n\t\t\t\t\t<img decoding=\"async\" class=\"image_default\" src=\"https:\/\/www.ipproductions.lu\/wp-content\/uploads\/2023\/05\/00_PROD_portraits_ChristopheW_01-1.jpg\" alt=\"\" \/>\r\n\t\t\t\t\t<img decoding=\"async\" class=\"image_hover\" src=\"https:\/\/www.ipproductions.lu\/wp-content\/uploads\/2023\/05\/00_PROD_portraits_ChristopheW_02-1.jpg\" alt=\"\" \/>\r\n\t\t\t\t\t<div class=\"fonction\">\r\n\t\t\t\t\t<div class=\"nom\">Christophe W.<\/div>\r\n\t\t\t\t\t\t<div>Head of IP Productions & Product Manager RTL T\u00e9l\u00e9 & Radio L\u00ebtzebuerg<\/div>\r\n\t\t\t\t\t<\/div>\r\n\t\t\t\t<\/div>\r\n\t\t\t\t\r\n\t\t\t\t\r\n\t\t\t\t<div class=\"item\">\r\n\t\t\t\t\t<img decoding=\"async\" class=\"image_default\" src=\"https:\/\/www.ipproductions.lu\/wp-content\/uploads\/2023\/01\/00_PROD_portraits_01_JONA-A_new.jpg\" alt=\"\" \/>\r\n\t\t\t\t\t<img decoding=\"async\" class=\"image_hover\" src=\"https:\/\/www.ipproductions.lu\/wp-content\/uploads\/2023\/01\/00_PROD_portraits_01_JONA-B_new.jpg\" alt=\"\" \/>\r\n\t\t\t\t\t<div class=\"fonction\">\r\n\t\t\t\t\t<div class=\"nom\">Jonathan F.<\/div>\r\n\t\t\t\t\t\t<div>Sound Engineer Copywriter & Voice<\/div>\r\n\t\t\t\t\t<\/div>\r\n\t\t\t\t<\/div>\r\n\t\t\t\t\r\n\t\t\t\t\r\n\t\t\t\t<div class=\"item\">\r\n\t\t\t\t\t<img decoding=\"async\" class=\"image_default\" src=\"https:\/\/www.ipproductions.lu\/wp-content\/uploads\/2023\/01\/00_PROD_portraits_01_MICH-A_new.jpg\" alt=\"\" \/>\r\n\t\t\t\t\t<img decoding=\"async\" class=\"image_hover\" src=\"https:\/\/www.ipproductions.lu\/wp-content\/uploads\/2023\/01\/00_PROD_portraits_01_MICH-B_new.jpg\" alt=\"\" \/>\r\n\t\t\t\t\t<div class=\"fonction\">\r\n\t\t\t\t\t<div class=\"nom\">Michel S.<\/div>\r\n\t\t\t\t\t\t<div>Multimedia Graphic Designer<\/div>\r\n\t\t\t\t\t<\/div>\r\n\t\t\t\t<\/div>\r\n\t\t\t\t\r\n\t\t\t\t\r\n\t\t\t\t<div class=\"item\">\r\n\t\t\t\t\t<img decoding=\"async\" class=\"image_default\" src=\"https:\/\/www.ipproductions.lu\/wp-content\/uploads\/2023\/01\/00_PROD_portraits_01_FRED-A_new.jpg\" alt=\"\" \/>\r\n\t\t\t\t\t<img decoding=\"async\" class=\"image_hover\" src=\"https:\/\/www.ipproductions.lu\/wp-content\/uploads\/2023\/01\/00_PROD_portraits_01_FRED-B_new.jpg\" alt=\"\" \/>\r\n\t\t\t\t\t<div class=\"fonction\">\r\n\t\t\t\t\t<div class=\"nom\">FR\u00c9D\u00c9RIC T.<\/div>\r\n\t\t\t\t\t\t<div>Senior Art Director & Producer<\/div>\r\n\t\t\t\t\t<\/div>\r\n\t\t\t\t<\/div>\r\n\t\t\t\t\r\n\t\t\t\t\r\n\t\t\t\t<div class=\"item\">\r\n\t\t\t\t\t<img decoding=\"async\" class=\"image_default\" src=\"https:\/\/www.ipproductions.lu\/wp-content\/uploads\/2023\/01\/00_PROD_portraits_01_YASMINE-A_new.jpg\" alt=\"\" \/>\r\n\t\t\t\t\t<img decoding=\"async\" class=\"image_hover\" src=\"https:\/\/www.ipproductions.lu\/wp-content\/uploads\/2023\/01\/00_PROD_portraits_01_YASMINE-B_new.jpg\" alt=\"\" \/>\r\n\t\t\t\t\t<div class=\"fonction\">\r\n\t\t\t\t\t<div class=\"nom\">Yasmine K.<\/div>\r\n\t\t\t\t\t\t<div>Administrative assistant<\/div>\r\n\t\t\t\t\t<\/div>\r\n\t\t\t\t<\/div>\r\n\t\t\t\t\r\n\t\t\t\t\r\n\t\t\t\t<div class=\"item\">\r\n\t\t\t\t\t<img decoding=\"async\" class=\"image_default\" src=\"https:\/\/www.ipproductions.lu\/wp-content\/uploads\/2023\/05\/01_PROD_portraits_01_REMCO-A.jpg\" alt=\"\" \/>\r\n\t\t\t\t\t<img decoding=\"async\" class=\"image_hover\" src=\"https:\/\/www.ipproductions.lu\/wp-content\/uploads\/2023\/05\/01_PROD_portraits_01_REMCO-B.jpg\" alt=\"\" \/>\r\n\t\t\t\t\t<div class=\"fonction\">\r\n\t\t\t\t\t<div class=\"nom\">Remco K.<\/div>\r\n\t\t\t\t\t\t<div>Digital Productions Manager<\/div>\r\n\t\t\t\t\t<\/div>\r\n\t\t\t\t<\/div>\r\n\t\t\t\t\r\n\t\t\t\t\r\n\t\t\t\t<div class=\"item\">\r\n\t\t\t\t\t<img decoding=\"async\" class=\"image_default\" src=\"https:\/\/www.ipproductions.lu\/wp-content\/uploads\/2023\/06\/00_PROD_portraits_01_CHRIS-A.jpg\" alt=\"\" \/>\r\n\t\t\t\t\t<img decoding=\"async\" class=\"image_hover\" src=\"https:\/\/www.ipproductions.lu\/wp-content\/uploads\/2023\/06\/00_PROD_portraits_01_CHRIS-B.jpg\" alt=\"\" \/>\r\n\t\t\t\t\t<div class=\"fonction\">\r\n\t\t\t\t\t<div class=\"nom\">Chris W.<\/div>\r\n\t\t\t\t\t\t<div>Copywriter & Voice<\/div>\r\n\t\t\t\t\t<\/div>\r\n\t\t\t\t<\/div>\r\n\t\t\t\t\r\n\t\t\t\t\r\n\t\t\t\t<div class=\"item\">\r\n\t\t\t\t\t<img decoding=\"async\" class=\"image_default\" src=\"https:\/\/www.ipproductions.lu\/wp-content\/uploads\/2023\/01\/00_PROD_portraits_01_JOEL-A_new.jpg\" alt=\"\" \/>\r\n\t\t\t\t\t<img decoding=\"async\" class=\"image_hover\" src=\"https:\/\/www.ipproductions.lu\/wp-content\/uploads\/2023\/01\/00_PROD_portraits_01_JOEL-B_new.jpg\" alt=\"\" \/>\r\n\t\t\t\t\t<div class=\"fonction\">\r\n\t\t\t\t\t<div class=\"nom\">JO\u00cbL S.<\/div>\r\n\t\t\t\t\t\t<div>Sound Engineer<\/div>\r\n\t\t\t\t\t<\/div>\r\n\t\t\t\t<\/div>\r\n\t\t\t\t\r\n\t\t\t\t\r\n\t\t\t\t<div class=\"item\">\r\n\t\t\t\t\t<img decoding=\"async\" class=\"image_default\" src=\"https:\/\/www.ipproductions.lu\/wp-content\/uploads\/2023\/01\/00_PROD_portraits_01_THOMAS-A_new.jpg\" alt=\"\" \/>\r\n\t\t\t\t\t<img decoding=\"async\" class=\"image_hover\" src=\"https:\/\/www.ipproductions.lu\/wp-content\/uploads\/2023\/01\/00_PROD_portraits_01_THOMAS-B_new.jpg\" alt=\"\" \/>\r\n\t\t\t\t\t<div class=\"fonction\">\r\n\t\t\t\t\t<div class=\"nom\">Thomas C.<\/div>\r\n\t\t\t\t\t\t<div>Video Supervisor Editor & Cameraman<\/div>\r\n\t\t\t\t\t<\/div>\r\n\t\t\t\t<\/div>\r\n\t\t\t\t\r\n\t\t\t\t\r\n\t\t\t\t<div class=\"item\">\r\n\t\t\t\t\t<img decoding=\"async\" class=\"image_default\" src=\"https:\/\/www.ipproductions.lu\/wp-content\/uploads\/2023\/05\/01_PROD_portraits_01_JOFFREY-A.jpg\" alt=\"\" \/>\r\n\t\t\t\t\t<img decoding=\"async\" class=\"image_hover\" src=\"https:\/\/www.ipproductions.lu\/wp-content\/uploads\/2023\/05\/01_PROD_portraits_01_JOFFREY-B.jpg\" alt=\"\" \/>\r\n\t\t\t\t\t<div class=\"fonction\">\r\n\t\t\t\t\t<div class=\"nom\">Joffrey S.<\/div>\r\n\t\t\t\t\t\t<div>Web Design & Integration<\/div>\r\n\t\t\t\t\t<\/div>\r\n\t\t\t\t<\/div>\r\n\t\t\t\t\r\n\t\t\t\t\r\n\t\t\t\t<div class=\"item\">\r\n\t\t\t\t\t<img decoding=\"async\" class=\"image_default\" src=\"https:\/\/www.ipproductions.lu\/wp-content\/uploads\/2023\/01\/00_PROD_portraits_01_MAX-A_new.jpg\" alt=\"\" \/>\r\n\t\t\t\t\t<img decoding=\"async\" class=\"image_hover\" src=\"https:\/\/www.ipproductions.lu\/wp-content\/uploads\/2023\/01\/00_PROD_portraits_01_MAX-B_new.jpg\" alt=\"\" \/>\r\n\t\t\t\t\t<div class=\"fonction\">\r\n\t\t\t\t\t<div class=\"nom\">MAX N.<\/div>\r\n\t\t\t\t\t\t<div>AD \/ Graphic Designer<\/div>\r\n\t\t\t\t\t<\/div>\r\n\t\t\t\t<\/div>\r\n\t\t\t\t\r\n\t\t\t\t\r\n\t\t\t\t<div class=\"item\">\r\n\t\t\t\t\t<img decoding=\"async\" class=\"image_default\" src=\"https:\/\/www.ipproductions.lu\/wp-content\/uploads\/2023\/01\/00_PROD_portraits_01_YANN-A_new.jpg\" alt=\"\" \/>\r\n\t\t\t\t\t<img decoding=\"async\" class=\"image_hover\" src=\"https:\/\/www.ipproductions.lu\/wp-content\/uploads\/2023\/01\/00_PROD_portraits_01_YANN-B_new.jpg\" alt=\"\" \/>\r\n\t\t\t\t\t<div class=\"fonction\">\r\n\t\t\t\t\t<div class=\"nom\">Yann W.<\/div>\r\n\t\t\t\t\t\t<div>Sound Engineer<\/div>\r\n\t\t\t\t\t<\/div>\r\n\t\t\t\t<\/div>\r\n\t\t\t\t\r\n\t\t\t\t\r\n\t\t\t\t<div class=\"item\">\r\n\t\t\t\t\t<img decoding=\"async\" class=\"image_default\" src=\"https:\/\/www.ipproductions.lu\/wp-content\/uploads\/2023\/01\/00_PROD_portraits_01_NICO-A_new.jpg\" alt=\"\" \/>\r\n\t\t\t\t\t<img decoding=\"async\" class=\"image_hover\" src=\"https:\/\/www.ipproductions.lu\/wp-content\/uploads\/2023\/01\/00_PROD_portraits_01_NICO-B_new.jpg\" alt=\"\" \/>\r\n\t\t\t\t\t<div class=\"fonction\">\r\n\t\t\t\t\t<div class=\"nom\">Nico T.<\/div>\r\n\t\t\t\t\t\t<div>Copywriter & Voice<\/div>\r\n\t\t\t\t\t<\/div>\r\n\t\t\t\t<\/div>\r\n\t\t\t\t\r\n\t\t\t\t\r\n\t\t\t\t<div class=\"item\">\r\n\t\t\t\t\t<img decoding=\"async\" class=\"image_default\" src=\"https:\/\/www.ipproductions.lu\/wp-content\/uploads\/2023\/01\/00_PROD_portraits_01_CELINE-A_new.jpg\" alt=\"\" \/>\r\n\t\t\t\t\t<img decoding=\"async\" class=\"image_hover\" src=\"https:\/\/www.ipproductions.lu\/wp-content\/uploads\/2023\/01\/00_PROD_portraits_01_CELINE-B_new.jpg\" alt=\"\" \/>\r\n\t\t\t\t\t<div class=\"fonction\">\r\n\t\t\t\t\t<div class=\"nom\">C\u00c9LINE F.<\/div>\r\n\t\t\t\t\t\t<div>Copywriter & Voice<\/div>\r\n\t\t\t\t\t<\/div>\r\n\t\t\t\t<\/div>\r\n\t\t\t\t\r\n\t\t\t\t\r\n\t\t\t\t<div class=\"item\">\r\n\t\t\t\t\t<img decoding=\"async\" class=\"image_default\" src=\"https:\/\/www.ipproductions.lu\/wp-content\/uploads\/2023\/05\/00_PROD_portraits_JulienF_01-1.jpg\" alt=\"\" \/>\r\n\t\t\t\t\t<img decoding=\"async\" class=\"image_hover\" src=\"https:\/\/www.ipproductions.lu\/wp-content\/uploads\/2023\/05\/00_PROD_portraits_JulienF_02-1.jpg\" alt=\"\" \/>\r\n\t\t\t\t\t<div class=\"fonction\">\r\n\t\t\t\t\t<div class=\"nom\">Julien F.<\/div>\r\n\t\t\t\t\t\t<div>Project Coordinator & Web Developer<\/div>\r\n\t\t\t\t\t<\/div>\r\n\t\t\t\t<\/div>\r\n\t\t\t\t\r\n\t\t\t\t\r\n\t\t\t\t<div class=\"item\">\r\n\t\t\t\t\t<img decoding=\"async\" class=\"image_default\" src=\"https:\/\/www.ipproductions.lu\/wp-content\/uploads\/2023\/01\/00_PROD_portraits_01_JOELLE-A_new.jpg\" alt=\"\" \/>\r\n\t\t\t\t\t<img decoding=\"async\" class=\"image_hover\" src=\"https:\/\/www.ipproductions.lu\/wp-content\/uploads\/2023\/01\/00_PROD_portraits_01_JOELLE-B_new.jpg\" alt=\"\" \/>\r\n\t\t\t\t\t<div class=\"fonction\">\r\n\t\t\t\t\t<div class=\"nom\">JO\u00cbLLE K.<\/div>\r\n\t\t\t\t\t\t<div>Copywriter & Voice<\/div>\r\n\t\t\t\t\t<\/div>\r\n\t\t\t\t<\/div>\r\n\t\t\t\t\r\n\t\t\t\t\r\n\t\t\t\t<div class=\"item\">\r\n\t\t\t\t\t<img decoding=\"async\" class=\"image_default\" src=\"https:\/\/www.ipproductions.lu\/wp-content\/uploads\/2023\/01\/00_PROD_portraits_01_YVES-A_new.jpg\" alt=\"\" \/>\r\n\t\t\t\t\t<img decoding=\"async\" class=\"image_hover\" src=\"https:\/\/www.ipproductions.lu\/wp-content\/uploads\/2023\/01\/00_PROD_portraits_01_YVES-B_new.jpg\" alt=\"\" \/>\r\n\t\t\t\t\t<div class=\"fonction\">\r\n\t\t\t\t\t<div class=\"nom\">YVES D.<\/div>\r\n\t\t\t\t\t\t<div>Sound Engineer<\/div>\r\n\t\t\t\t\t<\/div>\r\n\t\t\t\t<\/div>\r\n\t\t\t\t\r\n\t\t\t\t\t\t<\/div><\/div>\n\t\t\t\t\t\t<\/div>\n\t\t\t\t<\/div>\n\t\t\t\t\t<\/div>\n\t\t<\/div>\n\t\t\t\t\t<\/div>\n\t\t<\/section>\n\t\t\t\t<\/div>\n\t\t","protected":false},"excerpt":{"rendered":"<p>\u00c4re Projet mat IP Productions ze realis\u00e9ieren, heescht mat enger jonker, dynamescher an erfuerener Equipe ze schaffen. Dor\u00ebnner m\u00e9isproocheg Concepteuren, Tountechniker, Videasten, Grafiker a Webdeveloperen. Well jo, bei eis steet dat M\u00ebnschlecht nach am Vierdergrond.<\/p>\n","protected":false},"author":1,"featured_media":0,"parent":0,"menu_order":0,"comment_status":"closed","ping_status":"closed","template":"elementor_header_footer","meta":{"footnotes":""},"class_list":["post-2220","page","type-page","status-publish","hentry"],"acf":[],"_links":{"self":[{"href":"https:\/\/www.ipproductions.lu\/lb\/wp-json\/wp\/v2\/pages\/2220","targetHints":{"allow":["GET"]}}],"collection":[{"href":"https:\/\/www.ipproductions.lu\/lb\/wp-json\/wp\/v2\/pages"}],"about":[{"href":"https:\/\/www.ipproductions.lu\/lb\/wp-json\/wp\/v2\/types\/page"}],"author":[{"embeddable":true,"href":"https:\/\/www.ipproductions.lu\/lb\/wp-json\/wp\/v2\/users\/1"}],"replies":[{"embeddable":true,"href":"https:\/\/www.ipproductions.lu\/lb\/wp-json\/wp\/v2\/comments?post=2220"}],"version-history":[{"count":10,"href":"https:\/\/www.ipproductions.lu\/lb\/wp-json\/wp\/v2\/pages\/2220\/revisions"}],"predecessor-version":[{"id":3493,"href":"https:\/\/www.ipproductions.lu\/lb\/wp-json\/wp\/v2\/pages\/2220\/revisions\/3493"}],"wp:attachment":[{"href":"https:\/\/www.ipproductions.lu\/lb\/wp-json\/wp\/v2\/media?parent=2220"}],"curies":[{"name":"wp","href":"https:\/\/api.w.org\/{rel}","templated":true}]}}