{"id":4932,"date":"2025-06-16T11:27:27","date_gmt":"2025-06-16T09:27:27","guid":{"rendered":"https:\/\/www.ipproductions.lu\/erklarung-zur-barrierefraiheet-2\/"},"modified":"2025-06-24T22:06:59","modified_gmt":"2025-06-24T20:06:59","slug":"erklarung-barrierefraiheet","status":"publish","type":"page","link":"https:\/\/www.ipproductions.lu\/lb\/erklarung-barrierefraiheet\/","title":{"rendered":"Erkl\u00e4rung zur Barri\u00e8refr\u00e4iheet"},"content":{"rendered":"\t\t<div data-elementor-type=\"wp-page\" data-elementor-id=\"4932\" class=\"elementor elementor-4932 elementor-4926\" data-elementor-post-type=\"page\">\n\t\t\t\t\t\t<section class=\"elementor-section elementor-top-section elementor-element elementor-element-a3647a7 elementor-section-height-min-height elementor-section-boxed elementor-section-height-default elementor-section-items-middle\" data-id=\"a3647a7\" data-element_type=\"section\" data-e-type=\"section\" data-settings=\"{&quot;background_background&quot;:&quot;classic&quot;,&quot;background_motion_fx_motion_fx_scrolling&quot;:&quot;yes&quot;,&quot;background_motion_fx_translateY_effect&quot;:&quot;yes&quot;,&quot;background_motion_fx_translateY_affectedRange&quot;:{&quot;unit&quot;:&quot;%&quot;,&quot;size&quot;:&quot;&quot;,&quot;sizes&quot;:{&quot;start&quot;:3,&quot;end&quot;:96}},&quot;background_motion_fx_translateY_speed&quot;:{&quot;unit&quot;:&quot;px&quot;,&quot;size&quot;:4,&quot;sizes&quot;:[]},&quot;background_motion_fx_devices&quot;:[&quot;desktop&quot;,&quot;tablet&quot;,&quot;mobile&quot;]}\">\n\t\t\t\t\t\t<div class=\"elementor-container elementor-column-gap-default\">\n\t\t\t\t\t<div class=\"elementor-column elementor-col-100 elementor-top-column elementor-element elementor-element-89bcbda\" data-id=\"89bcbda\" data-element_type=\"column\" data-e-type=\"column\">\n\t\t\t<div class=\"elementor-widget-wrap elementor-element-populated\">\n\t\t\t\t\t\t<section class=\"elementor-section elementor-inner-section elementor-element elementor-element-e9c2198 elementor-section-boxed elementor-section-height-default elementor-section-height-default\" data-id=\"e9c2198\" data-element_type=\"section\" data-e-type=\"section\">\n\t\t\t\t\t\t<div class=\"elementor-container elementor-column-gap-default\">\n\t\t\t\t\t<div class=\"elementor-column elementor-col-100 elementor-inner-column elementor-element elementor-element-bf36c7b\" data-id=\"bf36c7b\" data-element_type=\"column\" data-e-type=\"column\">\n\t\t\t<div class=\"elementor-widget-wrap elementor-element-populated\">\n\t\t\t\t\t\t\t<\/div>\n\t\t<\/div>\n\t\t\t\t\t<\/div>\n\t\t<\/section>\n\t\t\t\t<div class=\"elementor-element elementor-element-0f38d05 elementor-widget elementor-widget-spacer\" data-id=\"0f38d05\" data-element_type=\"widget\" data-e-type=\"widget\" data-widget_type=\"spacer.default\">\n\t\t\t\t<div class=\"elementor-widget-container\">\n\t\t\t\t\t\t\t<div class=\"elementor-spacer\">\n\t\t\t<div class=\"elementor-spacer-inner\"><\/div>\n\t\t<\/div>\n\t\t\t\t\t\t<\/div>\n\t\t\t\t<\/div>\n\t\t\t\t\t<\/div>\n\t\t<\/div>\n\t\t\t\t\t<\/div>\n\t\t<\/section>\n\t\t\t\t<section class=\"elementor-section elementor-top-section elementor-element elementor-element-8715038 elementor-section-boxed elementor-section-height-default elementor-section-height-default\" data-id=\"8715038\" data-element_type=\"section\" data-e-type=\"section\">\n\t\t\t\t\t\t<div class=\"elementor-container elementor-column-gap-default\">\n\t\t\t\t\t<div class=\"elementor-column elementor-col-100 elementor-top-column elementor-element elementor-element-03d73cc\" data-id=\"03d73cc\" data-element_type=\"column\" data-e-type=\"column\">\n\t\t\t<div class=\"elementor-widget-wrap elementor-element-populated\">\n\t\t\t\t\t\t<div class=\"elementor-element elementor-element-6fe2ba6 elementor-widget elementor-widget-text-editor\" data-id=\"6fe2ba6\" data-element_type=\"widget\" data-e-type=\"widget\" data-widget_type=\"text-editor.default\">\n\t\t\t\t<div class=\"elementor-widget-container\">\n\t\t\t\t\t\t\t\t\t<p><strong>IPL <\/strong>engag\u00e9iert sech fir d\u00e9i digital Barri\u00e8refr\u00e4iheet fir Leit mat Beh\u00ebnnerungen ze garant\u00e9ieren. Mir verbesseren dauernd d&#8217;Benotzererfahrung fir jiddereen a wenden d\u00e9i relevant Accessibilit\u00e9itsnormen un.<\/p>\n\t\t\t\t\t\t\t\t<\/div>\n\t\t\t\t<\/div>\n\t\t\t\t<div class=\"elementor-element elementor-element-035796e elementor-widget elementor-widget-heading\" data-id=\"035796e\" data-element_type=\"widget\" data-e-type=\"widget\" data-widget_type=\"heading.default\">\n\t\t\t\t<div class=\"elementor-widget-container\">\n\t\t\t\t\t<h2 class=\"elementor-heading-title elementor-size-default\">Konformit\u00e9itsstatus<\/h2>\t\t\t\t<\/div>\n\t\t\t\t<\/div>\n\t\t\t\t<div class=\"elementor-element elementor-element-d2f3346 elementor-widget elementor-widget-text-editor\" data-id=\"d2f3346\" data-element_type=\"widget\" data-e-type=\"widget\" data-widget_type=\"text-editor.default\">\n\t\t\t\t<div class=\"elementor-widget-container\">\n\t\t\t\t\t\t\t\t\t<p>D&#8217;Richtlinne fir d&#8217;Barri\u00e8refr\u00e4iheet vu Webinhalter (WCAG) defin\u00e9ieren Ufuerderunge fir Designer an Entw\u00e9ckler fir d&#8217;Accessibilit\u00e9it fir Persoune mat Beh\u00ebnnerungen ze verbesseren. Si defin\u00e9iert dr\u00e4i Niveauen vu Konformit\u00e9it: Niveau A, Niveau AA an Niveau AAA.<\/p>\n<p><strong>IPL<\/strong> m\u00e9cht konstant Efforten, fir d\u2019Accessibilit\u00e9it vun hirem Site a Servicer ze verbesseren, an der Iwwerzeegung, datt et eis kollektiv moralesch Flicht ass, eng nahtlos, zoug\u00e4nglech an onbeh\u00ebnnert Notzung fir d\u00e9i vun eis mat Beh\u00ebnnerungen ze erlaben.<\/p>\n<p>Mir bem\u00e9ien eis, all d&#8217;S\u00e4iten an all Inhalter vum Site <strong>https:\/\/www.ipproductions.lu\/<\/strong> zoug\u00e4nglech ze maachen, mee et k\u00e9int sinn, datt verschidden Inhalter nach net vollst\u00e4nneg de strengste Barri\u00e8renfr\u00e4iheetsnormen entspriechen. D\u00ebst k\u00e9int un der Schwieregkeet leien, d\u00e9i passendst technologesch L\u00e9isung z&#8217;identifiz\u00e9ieren.<\/p>\n<p>Mir k\u00ebnnen d\u00ebs Erkl\u00e4rung zu all Moment iwwerschaffen, fir Verbesserungen oder \u00c4nnerungen an eise Barri\u00e8refr\u00e4iheetspraktiken ze maachen.<\/p>\n\t\t\t\t\t\t\t\t<\/div>\n\t\t\t\t<\/div>\n\t\t\t\t<div class=\"elementor-element elementor-element-2923c8d elementor-widget elementor-widget-heading\" data-id=\"2923c8d\" data-element_type=\"widget\" data-e-type=\"widget\" data-widget_type=\"heading.default\">\n\t\t\t\t<div class=\"elementor-widget-container\">\n\t\t\t\t\t<h2 class=\"elementor-heading-title elementor-size-default\">Kontakt<\/h2>\t\t\t\t<\/div>\n\t\t\t\t<\/div>\n\t\t\t\t<div class=\"elementor-element elementor-element-dd4faea elementor-widget elementor-widget-text-editor\" data-id=\"dd4faea\" data-element_type=\"widget\" data-e-type=\"widget\" data-widget_type=\"text-editor.default\">\n\t\t\t\t<div class=\"elementor-widget-container\">\n\t\t\t\t\t\t\t\t\t<p>Mir invit\u00e9ieren Iech, eis \u00c4r Kommentaren iwwer d&#8217;Accessibilit\u00e9it vun eiser Webs\u00e4it matzedeelen. Z\u00e9ckt eis g\u00e4r ze inform\u00e9ieren, wann Dir Problemer bei der Accessibilit\u00e9it op eiser Webs\u00e4it beg\u00e9int:<\/p>\n<p><span style=\"color: #304d6d;\"><a style=\"color: #304d6d;\" href=\"mailto:production@ipl.lu\"><strong>E-mail: production@ipl.lu<\/strong><\/a><\/span><\/p>\n<p>Mir prob\u00e9iere bannen 3\u20135 Aarbechtsdeeg ze \u00e4ntweren.<\/p>\n<p>D\u00ebsen Text gouf den 13\/06\/2025 erstallt.<\/p>\n\t\t\t\t\t\t\t\t<\/div>\n\t\t\t\t<\/div>\n\t\t\t\t\t<\/div>\n\t\t<\/div>\n\t\t\t\t\t<\/div>\n\t\t<\/section>\n\t\t\t\t<\/div>\n\t\t","protected":false},"excerpt":{"rendered":"<p>IPL engag\u00e9iert sech fir d\u00e9i digital Barri\u00e8refr\u00e4iheet fir Leit mat Beh\u00ebnnerungen ze garant\u00e9ieren. Mir verbesseren dauernd d&#8217;Benotzererfahrung fir jiddereen a wenden d\u00e9i relevant Accessibilit\u00e9itsnormen un. Konformit\u00e9itsstatus D&#8217;Richtlinne fir d&#8217;Barri\u00e8refr\u00e4iheet vu Webinhalter (WCAG) defin\u00e9ieren Ufuerderunge fir Designer an Entw\u00e9ckler fir d&#8217;Accessibilit\u00e9it fir Persoune mat Beh\u00ebnnerungen ze verbesseren. Si defin\u00e9iert dr\u00e4i Niveauen vu Konformit\u00e9it: Niveau A, Niveau [&hellip;]<\/p>\n","protected":false},"author":1,"featured_media":0,"parent":0,"menu_order":0,"comment_status":"closed","ping_status":"closed","template":"elementor_header_footer","meta":{"footnotes":""},"class_list":["post-4932","page","type-page","status-publish","hentry"],"acf":[],"_links":{"self":[{"href":"https:\/\/www.ipproductions.lu\/lb\/wp-json\/wp\/v2\/pages\/4932","targetHints":{"allow":["GET"]}}],"collection":[{"href":"https:\/\/www.ipproductions.lu\/lb\/wp-json\/wp\/v2\/pages"}],"about":[{"href":"https:\/\/www.ipproductions.lu\/lb\/wp-json\/wp\/v2\/types\/page"}],"author":[{"embeddable":true,"href":"https:\/\/www.ipproductions.lu\/lb\/wp-json\/wp\/v2\/users\/1"}],"replies":[{"embeddable":true,"href":"https:\/\/www.ipproductions.lu\/lb\/wp-json\/wp\/v2\/comments?post=4932"}],"version-history":[{"count":4,"href":"https:\/\/www.ipproductions.lu\/lb\/wp-json\/wp\/v2\/pages\/4932\/revisions"}],"predecessor-version":[{"id":4983,"href":"https:\/\/www.ipproductions.lu\/lb\/wp-json\/wp\/v2\/pages\/4932\/revisions\/4983"}],"wp:attachment":[{"href":"https:\/\/www.ipproductions.lu\/lb\/wp-json\/wp\/v2\/media?parent=4932"}],"curies":[{"name":"wp","href":"https:\/\/api.w.org\/{rel}","templated":true}]}}